{"id":821,"date":"2023-06-25T16:54:28","date_gmt":"2023-06-25T14:54:28","guid":{"rendered":"https:\/\/aeroteam.aero\/?page_id=821"},"modified":"2023-11-06T14:48:55","modified_gmt":"2023-11-06T13:48:55","slug":"cessna-f-182q-avionik-2023","status":"publish","type":"page","link":"https:\/\/aeroteam.aero\/en\/cessna-f-182q-avionik-2023\/","title":{"rendered":"Cessna F 182Q avionics 2023"},"content":{"rendered":"<h5 class=\"wp-block-heading has-text-align-center\">What we got<\/h5>\n\n\n<div class=\"wp-block-image\">\n<figure class=\"aligncenter size-large\"><img loading=\"lazy\" decoding=\"async\" width=\"1024\" height=\"485\" src=\"https:\/\/aeroteam.aero\/wp-content\/uploads\/2023\/06\/20230502_082947-1024x485.jpg\" alt=\"\" class=\"wp-image-822\" srcset=\"https:\/\/aeroteam.aero\/wp-content\/uploads\/2023\/06\/20230502_082947-1024x485.jpg 1024w, https:\/\/aeroteam.aero\/wp-content\/uploads\/2023\/06\/20230502_082947-300x142.jpg 300w, https:\/\/aeroteam.aero\/wp-content\/uploads\/2023\/06\/20230502_082947-768x364.jpg 768w, https:\/\/aeroteam.aero\/wp-content\/uploads\/2023\/06\/20230502_082947-1536x728.jpg 1536w, https:\/\/aeroteam.aero\/wp-content\/uploads\/2023\/06\/20230502_082947-2048x971.jpg 2048w, https:\/\/aeroteam.aero\/wp-content\/uploads\/2023\/06\/20230502_082947-18x9.jpg 18w, https:\/\/aeroteam.aero\/wp-content\/uploads\/2023\/06\/20230502_082947-1568x743.jpg 1568w\" sizes=\"auto, (max-width: 1024px) 100vw, 1024px\" \/><\/figure>\n<\/div>\n\n\n<hr class=\"wp-block-separator has-alpha-channel-opacity\"\/>\n\n\n\n<p class=\"has-text-align-left\">Die Cessna F 182Q aus dem Jahr 1979 war bis auf ein Trig TY91 (8,33khz Funkger\u00e4t) und einem Trig TT31 (Mode S Transponder) mit der werksm\u00e4\u00dfigen Avionik ausger\u00fcstet. \u00dcber die Jahre sind leider immer mehr Komponenten ausgefallen und der Wunsch, die Avionik zu modernisieren, kam auf.<\/p>\n\n\n\n<h5 class=\"wp-block-heading has-text-align-center\">The new avionics<\/h5>\n\n\n<div class=\"wp-block-image is-resized\">\n<figure class=\"aligncenter size-large\"><img loading=\"lazy\" decoding=\"async\" width=\"1024\" height=\"485\" src=\"https:\/\/aeroteam.aero\/wp-content\/uploads\/2023\/06\/20230524_114555-1-1024x485.jpg\" alt=\"\" class=\"wp-image-826\" srcset=\"https:\/\/aeroteam.aero\/wp-content\/uploads\/2023\/06\/20230524_114555-1-1024x485.jpg 1024w, https:\/\/aeroteam.aero\/wp-content\/uploads\/2023\/06\/20230524_114555-1-300x142.jpg 300w, https:\/\/aeroteam.aero\/wp-content\/uploads\/2023\/06\/20230524_114555-1-768x364.jpg 768w, https:\/\/aeroteam.aero\/wp-content\/uploads\/2023\/06\/20230524_114555-1-1536x728.jpg 1536w, https:\/\/aeroteam.aero\/wp-content\/uploads\/2023\/06\/20230524_114555-1-2048x971.jpg 2048w, https:\/\/aeroteam.aero\/wp-content\/uploads\/2023\/06\/20230524_114555-1-18x9.jpg 18w, https:\/\/aeroteam.aero\/wp-content\/uploads\/2023\/06\/20230524_114555-1-1568x743.jpg 1568w\" sizes=\"auto, (max-width: 1024px) 100vw, 1024px\" \/><\/figure>\n<\/div>\n\n\n<hr class=\"wp-block-separator has-alpha-channel-opacity\"\/>\n\n\n\n<p>There was a complete overhaul of the avionics  consisting of the following equipment:<\/p>\n\n\n\n<p class=\"translation-block\">1x Garmin GMA347 (Audiopanel)<br>1x Garmin GNS430 (COM\/NAV\/GPS\/FMS)<br>1x Garmin GNC255A (COM\/NAV)<br>1x Garmin GTX330 (Mode S Transponder)<br>1x Air Avionics AT1 (Traffic Avoidance System)<\/p>\n\n\n\n<p>Im Zuge der Umr\u00fcstung wurden s\u00e4mtliche alten Kabel, die die Avionik betreffen entfernt, Sicherungen und Koaxialkabel die nicht mehr zeitgem\u00e4\u00df waren, wurden demontiert, ebenso wie \u00fcberfl\u00fcssige Antennen und Voltage Converter, Halterungen und vieles mehr. Allein an entfernten Kabeln sind so ca. 7Kg zusammen gekommen.&nbsp;Auch die vorgefundene Korrosion unter den Antennen wurde entfernt und die betroffenen Bereiche grundiert und anschlie\u00dfend lackiert, um erneuter Korrosion vorzubeugen.<\/p>\n\n\n\n<figure class=\"wp-block-image size-large\"><img loading=\"lazy\" decoding=\"async\" width=\"1024\" height=\"485\" src=\"https:\/\/aeroteam.aero\/wp-content\/uploads\/2023\/06\/20230524_161328-1024x485.jpg\" alt=\"\" class=\"wp-image-824\" srcset=\"https:\/\/aeroteam.aero\/wp-content\/uploads\/2023\/06\/20230524_161328-1024x485.jpg 1024w, https:\/\/aeroteam.aero\/wp-content\/uploads\/2023\/06\/20230524_161328-300x142.jpg 300w, https:\/\/aeroteam.aero\/wp-content\/uploads\/2023\/06\/20230524_161328-768x364.jpg 768w, https:\/\/aeroteam.aero\/wp-content\/uploads\/2023\/06\/20230524_161328-1536x728.jpg 1536w, https:\/\/aeroteam.aero\/wp-content\/uploads\/2023\/06\/20230524_161328-2048x971.jpg 2048w, https:\/\/aeroteam.aero\/wp-content\/uploads\/2023\/06\/20230524_161328-18x9.jpg 18w, https:\/\/aeroteam.aero\/wp-content\/uploads\/2023\/06\/20230524_161328-1568x743.jpg 1568w\" sizes=\"auto, (max-width: 1024px) 100vw, 1024px\" \/><\/figure>\n\n\n\n<hr class=\"wp-block-separator has-alpha-channel-opacity\"\/>\n\n\n\n<p class=\"translation-block\">The result:<br>A modern cockpit exactly according to the customer's wishes.<\/p>\n\n\n\n<p>Aeroteam wishes \"<strong>many happy landings\u201c<\/strong>.<\/p>\n\n\n\n<hr class=\"wp-block-separator has-alpha-channel-opacity\"\/>\n\n\n<div class=\"wp-block-image\">\n<figure class=\"aligncenter size-medium\"><img loading=\"lazy\" decoding=\"async\" width=\"300\" height=\"141\" src=\"https:\/\/aeroteam.aero\/wp-content\/uploads\/2023\/10\/Logo_Aeroteam-e1697196718945-300x141.png\" alt=\"\" class=\"wp-image-913\" srcset=\"https:\/\/aeroteam.aero\/wp-content\/uploads\/2023\/10\/Logo_Aeroteam-e1697196718945-300x141.png 300w, https:\/\/aeroteam.aero\/wp-content\/uploads\/2023\/10\/Logo_Aeroteam-e1697196718945-1024x480.png 1024w, https:\/\/aeroteam.aero\/wp-content\/uploads\/2023\/10\/Logo_Aeroteam-e1697196718945-768x360.png 768w, https:\/\/aeroteam.aero\/wp-content\/uploads\/2023\/10\/Logo_Aeroteam-e1697196718945-1536x720.png 1536w, https:\/\/aeroteam.aero\/wp-content\/uploads\/2023\/10\/Logo_Aeroteam-e1697196718945-2048x960.png 2048w, https:\/\/aeroteam.aero\/wp-content\/uploads\/2023\/10\/Logo_Aeroteam-e1697196718945-18x8.png 18w, https:\/\/aeroteam.aero\/wp-content\/uploads\/2023\/10\/Logo_Aeroteam-e1697196718945-1568x735.png 1568w\" sizes=\"auto, (max-width: 300px) 100vw, 300px\" \/><\/figure>\n<\/div>","protected":false},"excerpt":{"rendered":"<p>Ausgangslage Die Cessna F 182Q aus dem Jahr 1979 war bis auf ein Trig TY91 (8,33khz Funkger\u00e4t) und einem Trig TT31 (Mode S Transponder) mit der werksm\u00e4\u00dfigen Avionik ausger\u00fcstet. \u00dcber die Jahre sind leider immer mehr Komponenten ausgefallen und der Wunsch, die Avionik zu modernisieren, kam auf. Die neue Avionik Es gab eine komplett \u00dcberholung<a class=\"more-link\" href=\"https:\/\/aeroteam.aero\/en\/cessna-f-182q-avionik-2023\/\">Continue reading <span class=\"screen-reader-text\">&#8222;Cessna F 182Q Avionik 2023&#8220;<\/span><\/a><\/p>","protected":false},"author":1,"featured_media":0,"parent":0,"menu_order":0,"comment_status":"closed","ping_status":"closed","template":"","meta":{"footnotes":""},"class_list":["post-821","page","type-page","status-publish","hentry","entry"],"yoast_head":"<!-- This site is optimized with the Yoast SEO plugin v27.2 - https:\/\/yoast.com\/product\/yoast-seo-wordpress\/ -->\n<title>Cessna F 182Q Avionik 2023 - Aeroteam GmbH<\/title>\n<meta name=\"robots\" content=\"index, follow, max-snippet:-1, max-image-preview:large, max-video-preview:-1\" \/>\n<link rel=\"canonical\" href=\"https:\/\/aeroteam.aero\/en\/cessna-f-182q-avionik-2023\/\" \/>\n<meta property=\"og:locale\" content=\"en_GB\" \/>\n<meta property=\"og:type\" content=\"article\" \/>\n<meta property=\"og:title\" content=\"Cessna F 182Q Avionik 2023 - Aeroteam GmbH\" \/>\n<meta property=\"og:description\" content=\"Ausgangslage Die Cessna F 182Q aus dem Jahr 1979 war bis auf ein Trig TY91 (8,33khz Funkger\u00e4t) und einem Trig TT31 (Mode S Transponder) mit der werksm\u00e4\u00dfigen Avionik ausger\u00fcstet. \u00dcber die Jahre sind leider immer mehr Komponenten ausgefallen und der Wunsch, die Avionik zu modernisieren, kam auf. Die neue Avionik Es gab eine komplett \u00dcberholungContinue reading &quot;Cessna F 182Q Avionik 2023&quot;\" \/>\n<meta property=\"og:url\" content=\"https:\/\/aeroteam.aero\/en\/cessna-f-182q-avionik-2023\/\" \/>\n<meta property=\"og:site_name\" content=\"Aeroteam GmbH\" \/>\n<meta property=\"article:modified_time\" content=\"2023-11-06T13:48:55+00:00\" \/>\n<meta property=\"og:image\" content=\"https:\/\/aeroteam.aero\/wp-content\/uploads\/2023\/06\/20230502_082947-1024x485.jpg\" \/>\n<meta name=\"twitter:card\" content=\"summary_large_image\" \/>\n<meta name=\"twitter:label1\" content=\"Estimated reading time\" \/>\n\t<meta name=\"twitter:data1\" content=\"2 minutes\" \/>\n<script type=\"application\/ld+json\" class=\"yoast-schema-graph\">{\"@context\":\"https:\/\/schema.org\",\"@graph\":[{\"@type\":\"WebPage\",\"@id\":\"https:\/\/aeroteam.aero\/cessna-f-182q-avionik-2023\/\",\"url\":\"https:\/\/aeroteam.aero\/cessna-f-182q-avionik-2023\/\",\"name\":\"Cessna F 182Q Avionik 2023 - Aeroteam GmbH\",\"isPartOf\":{\"@id\":\"https:\/\/aeroteam.aero\/#website\"},\"primaryImageOfPage\":{\"@id\":\"https:\/\/aeroteam.aero\/cessna-f-182q-avionik-2023\/#primaryimage\"},\"image\":{\"@id\":\"https:\/\/aeroteam.aero\/cessna-f-182q-avionik-2023\/#primaryimage\"},\"thumbnailUrl\":\"https:\/\/aeroteam.aero\/wp-content\/uploads\/2023\/06\/20230502_082947-1024x485.jpg\",\"datePublished\":\"2023-06-25T14:54:28+00:00\",\"dateModified\":\"2023-11-06T13:48:55+00:00\",\"breadcrumb\":{\"@id\":\"https:\/\/aeroteam.aero\/cessna-f-182q-avionik-2023\/#breadcrumb\"},\"inLanguage\":\"en-GB\",\"potentialAction\":[{\"@type\":\"ReadAction\",\"target\":[\"https:\/\/aeroteam.aero\/cessna-f-182q-avionik-2023\/\"]}]},{\"@type\":\"ImageObject\",\"inLanguage\":\"en-GB\",\"@id\":\"https:\/\/aeroteam.aero\/cessna-f-182q-avionik-2023\/#primaryimage\",\"url\":\"https:\/\/aeroteam.aero\/wp-content\/uploads\/2023\/06\/20230502_082947-1024x485.jpg\",\"contentUrl\":\"https:\/\/aeroteam.aero\/wp-content\/uploads\/2023\/06\/20230502_082947-1024x485.jpg\"},{\"@type\":\"BreadcrumbList\",\"@id\":\"https:\/\/aeroteam.aero\/cessna-f-182q-avionik-2023\/#breadcrumb\",\"itemListElement\":[{\"@type\":\"ListItem\",\"position\":1,\"name\":\"Startseite\",\"item\":\"https:\/\/aeroteam.aero\/\"},{\"@type\":\"ListItem\",\"position\":2,\"name\":\"Cessna F 182Q Avionik 2023\"}]},{\"@type\":\"WebSite\",\"@id\":\"https:\/\/aeroteam.aero\/#website\",\"url\":\"https:\/\/aeroteam.aero\/\",\"name\":\"Aeroteam GmbH\",\"description\":\"Aeroteam - Ihr Partner f\u00fcr Flugzeugwartung und Service am Flugplatz Osnabr\u00fcck EDWO\",\"potentialAction\":[{\"@type\":\"SearchAction\",\"target\":{\"@type\":\"EntryPoint\",\"urlTemplate\":\"https:\/\/aeroteam.aero\/?s={search_term_string}\"},\"query-input\":{\"@type\":\"PropertyValueSpecification\",\"valueRequired\":true,\"valueName\":\"search_term_string\"}}],\"inLanguage\":\"en-GB\"}]}<\/script>\n<!-- \/ Yoast SEO plugin. -->","yoast_head_json":{"title":"Cessna F 182Q Avionik 2023 - Aeroteam GmbH","robots":{"index":"index","follow":"follow","max-snippet":"max-snippet:-1","max-image-preview":"max-image-preview:large","max-video-preview":"max-video-preview:-1"},"canonical":"https:\/\/aeroteam.aero\/en\/cessna-f-182q-avionik-2023\/","og_locale":"en_GB","og_type":"article","og_title":"Cessna F 182Q Avionik 2023 - Aeroteam GmbH","og_description":"Ausgangslage Die Cessna F 182Q aus dem Jahr 1979 war bis auf ein Trig TY91 (8,33khz Funkger\u00e4t) und einem Trig TT31 (Mode S Transponder) mit der werksm\u00e4\u00dfigen Avionik ausger\u00fcstet. \u00dcber die Jahre sind leider immer mehr Komponenten ausgefallen und der Wunsch, die Avionik zu modernisieren, kam auf. Die neue Avionik Es gab eine komplett \u00dcberholungContinue reading \"Cessna F 182Q Avionik 2023\"","og_url":"https:\/\/aeroteam.aero\/en\/cessna-f-182q-avionik-2023\/","og_site_name":"Aeroteam GmbH","article_modified_time":"2023-11-06T13:48:55+00:00","og_image":[{"url":"https:\/\/aeroteam.aero\/wp-content\/uploads\/2023\/06\/20230502_082947-1024x485.jpg","type":"","width":"","height":""}],"twitter_card":"summary_large_image","twitter_misc":{"Estimated reading time":"2 minutes"},"schema":{"@context":"https:\/\/schema.org","@graph":[{"@type":"WebPage","@id":"https:\/\/aeroteam.aero\/cessna-f-182q-avionik-2023\/","url":"https:\/\/aeroteam.aero\/cessna-f-182q-avionik-2023\/","name":"Cessna F 182Q Avionik 2023 - Aeroteam GmbH","isPartOf":{"@id":"https:\/\/aeroteam.aero\/#website"},"primaryImageOfPage":{"@id":"https:\/\/aeroteam.aero\/cessna-f-182q-avionik-2023\/#primaryimage"},"image":{"@id":"https:\/\/aeroteam.aero\/cessna-f-182q-avionik-2023\/#primaryimage"},"thumbnailUrl":"https:\/\/aeroteam.aero\/wp-content\/uploads\/2023\/06\/20230502_082947-1024x485.jpg","datePublished":"2023-06-25T14:54:28+00:00","dateModified":"2023-11-06T13:48:55+00:00","breadcrumb":{"@id":"https:\/\/aeroteam.aero\/cessna-f-182q-avionik-2023\/#breadcrumb"},"inLanguage":"en-GB","potentialAction":[{"@type":"ReadAction","target":["https:\/\/aeroteam.aero\/cessna-f-182q-avionik-2023\/"]}]},{"@type":"ImageObject","inLanguage":"en-GB","@id":"https:\/\/aeroteam.aero\/cessna-f-182q-avionik-2023\/#primaryimage","url":"https:\/\/aeroteam.aero\/wp-content\/uploads\/2023\/06\/20230502_082947-1024x485.jpg","contentUrl":"https:\/\/aeroteam.aero\/wp-content\/uploads\/2023\/06\/20230502_082947-1024x485.jpg"},{"@type":"BreadcrumbList","@id":"https:\/\/aeroteam.aero\/cessna-f-182q-avionik-2023\/#breadcrumb","itemListElement":[{"@type":"ListItem","position":1,"name":"Startseite","item":"https:\/\/aeroteam.aero\/"},{"@type":"ListItem","position":2,"name":"Cessna F 182Q Avionik 2023"}]},{"@type":"WebSite","@id":"https:\/\/aeroteam.aero\/#website","url":"https:\/\/aeroteam.aero\/","name":"Aeroteam GmbH","description":"Aeroteam - Ihr Partner f\u00fcr Flugzeugwartung und Service am Flugplatz Osnabr\u00fcck EDWO","potentialAction":[{"@type":"SearchAction","target":{"@type":"EntryPoint","urlTemplate":"https:\/\/aeroteam.aero\/?s={search_term_string}"},"query-input":{"@type":"PropertyValueSpecification","valueRequired":true,"valueName":"search_term_string"}}],"inLanguage":"en-GB"}]}},"jetpack_sharing_enabled":true,"_links":{"self":[{"href":"https:\/\/aeroteam.aero\/en\/wp-json\/wp\/v2\/pages\/821","targetHints":{"allow":["GET"]}}],"collection":[{"href":"https:\/\/aeroteam.aero\/en\/wp-json\/wp\/v2\/pages"}],"about":[{"href":"https:\/\/aeroteam.aero\/en\/wp-json\/wp\/v2\/types\/page"}],"author":[{"embeddable":true,"href":"https:\/\/aeroteam.aero\/en\/wp-json\/wp\/v2\/users\/1"}],"replies":[{"embeddable":true,"href":"https:\/\/aeroteam.aero\/en\/wp-json\/wp\/v2\/comments?post=821"}],"version-history":[{"count":7,"href":"https:\/\/aeroteam.aero\/en\/wp-json\/wp\/v2\/pages\/821\/revisions"}],"predecessor-version":[{"id":979,"href":"https:\/\/aeroteam.aero\/en\/wp-json\/wp\/v2\/pages\/821\/revisions\/979"}],"wp:attachment":[{"href":"https:\/\/aeroteam.aero\/en\/wp-json\/wp\/v2\/media?parent=821"}],"curies":[{"name":"wp","href":"https:\/\/api.w.org\/{rel}","templated":true}]}}